{"id":4042,"date":"2022-04-29T01:47:11","date_gmt":"2022-04-29T01:47:11","guid":{"rendered":"http:\/\/tenabrix.com\/?page_id=4042"},"modified":"2022-06-20T02:06:49","modified_gmt":"2022-06-20T02:06:49","slug":"privacy-policy-2","status":"publish","type":"page","link":"https:\/\/tenabrix.com\/es\/politica-de-privacidad-2\/","title":{"rendered":"Pol\u00edtica de privacidad"},"content":{"rendered":"<p>Esta pol\u00edtica de privacidad se ha elaborado para servir mejor a quienes se preocupan por el uso que se hace en l\u00ednea de su \"informaci\u00f3n personal identificable\" (IPI). La IP es informaci\u00f3n que puede utilizarse por s\u00ed sola o con otra informaci\u00f3n para identificar, contactar o localizar a una sola persona, o para identificar a un individuo en su contexto. Le rogamos que lea atentamente nuestra pol\u00edtica de privacidad para comprender claramente c\u00f3mo recopilamos, utilizamos, protegemos o tratamos de otro modo su Informaci\u00f3n de Identificaci\u00f3n Personal de acuerdo con nuestro sitio web.<\/p>\n\n\n\n<p>\u00bfQu\u00e9 informaci\u00f3n personal recopilamos de las personas que visitan nuestro blog, sitio web o aplicaci\u00f3n?<br>Al realizar un pedido o registrarse en nuestro sitio, seg\u00fan proceda, es posible que se le pida que introduzca su nombre, direcci\u00f3n de correo electr\u00f3nico, direcci\u00f3n postal, informaci\u00f3n sobre su tarjeta de cr\u00e9dito u otros datos para que podamos prestarle nuestros servicios.<\/p>\n\n\n\n<p>\u00bfCu\u00e1ndo recopilamos informaci\u00f3n?<br>Recopilamos informaci\u00f3n sobre usted cuando se registra en nuestro sitio, realiza un pedido, se suscribe a un bolet\u00edn, rellena un formulario o introduce informaci\u00f3n en nuestro sitio.<\/p>\n\n\n\n<p>\u00bfC\u00f3mo utilizamos su informaci\u00f3n?<br>Podemos utilizar dicha informaci\u00f3n de las siguientes maneras:<\/p>\n\n\n\n<p>Para personalizar su experiencia en nuestro sitio y permitirnos ofrecerle el tipo de contenidos y productos que m\u00e1s le interesan.<br>Mejorar nuestro sitio web para prestarle un mejor servicio.<br>Para permitirnos ofrecerle un mejor servicio al responder a sus solicitudes de atenci\u00f3n al cliente.<br>Para administrar un concurso, promoci\u00f3n, encuesta u otra funci\u00f3n del sitio.<br>Para procesar r\u00e1pidamente sus transacciones.<br>Para enviar correos electr\u00f3nicos peri\u00f3dicos sobre su pedido u otros productos y servicios.<br>\u00bfC\u00f3mo protegemos la informaci\u00f3n que recibimos?<br>Nuestro sitio se revisa peri\u00f3dicamente en busca de vulnerabilidades de seguridad para que su visita sea lo m\u00e1s segura posible.<\/p>\n\n\n\n<p>Sus datos personales se almacenan en redes seguras a las que s\u00f3lo puede acceder un n\u00famero limitado de personas que tienen derechos especiales de acceso a dichos sistemas y est\u00e1n obligadas a mantener la confidencialidad de la informaci\u00f3n. Adem\u00e1s, toda la informaci\u00f3n confidencial\/de cr\u00e9dito que nos facilite se encripta mediante la tecnolog\u00eda Secure Socket Layer (SSL). No almacenamos informaci\u00f3n sobre tarjetas de cr\u00e9dito\/d\u00e9bito en nuestros sistemas.<\/p>\n\n\n\n<p>Ponemos en pr\u00e1ctica una serie de medidas de seguridad cuando un usuario realiza un pedido, introduce, env\u00eda o accede a su informaci\u00f3n para mantener la seguridad de su informaci\u00f3n personal.<\/p>\n\n\n\n<p>Todas las transacciones se procesan a trav\u00e9s de un proveedor de pasarela y no se almacenan ni procesan en nuestros servidores.<\/p>\n\n\n\n<p>\u00bfUtilizamos \"cookies\"?<br>S\u00ed. Las cookies son peque\u00f1os archivos que un sitio o su proveedor de servicios transfiere al disco duro de su ordenador a trav\u00e9s de su navegador web (si usted lo permite) y que permiten a los sistemas del sitio o del proveedor de servicios reconocer su navegador y capturar y recordar determinada informaci\u00f3n. Por ejemplo, utilizamos cookies para ayudarnos a recordar y procesar los art\u00edculos de su cesta de la compra. Tambi\u00e9n se utilizan para ayudarnos a entender sus preferencias basadas en la actividad previa o actual del sitio, lo que nos permite ofrecerle servicios mejorados. Tambi\u00e9n utilizamos cookies para recopilar datos agregados sobre el tr\u00e1fico y la interacci\u00f3n en el sitio, de modo que podamos ofrecer mejores experiencias y herramientas en el futuro.<\/p>\n\n\n\n<p>Utilizamos cookies para:<\/p>\n\n\n\n<p>Ayudar a recordar y procesar los art\u00edculos de la cesta de la compra.<br>Comprender y guardar las preferencias del usuario para futuras visitas.<br>Recopilar datos agregados sobre el tr\u00e1fico y las interacciones en el sitio para ofrecer mejores experiencias y herramientas en el futuro. Tambi\u00e9n podemos utilizar servicios de terceros de confianza que rastreen esta informaci\u00f3n en nuestro nombre.<br>Puede elegir que su ordenador le avise cada vez que se env\u00ede una cookie, o puede elegir desactivar todas las cookies. Esto se hace a trav\u00e9s de la configuraci\u00f3n de su navegador (como Internet Explorer). Cada navegador es un poco diferente, as\u00ed que mira en el men\u00fa de Ayuda de tu navegador para aprender la forma correcta de modificar tus cookies.<\/p>\n\n\n\n<p>Si desactiva las cookies, algunas funciones quedar\u00e1n desactivadas Se desactivar\u00e1n algunas de las funciones que hacen que su experiencia en el sitio sea m\u00e1s eficiente y algunos de nuestros servicios no funcionar\u00e1n correctamente.<\/p>\n\n\n\n<p>\u00bfC\u00f3mo puede excluirse, eliminar o modificar la informaci\u00f3n que nos ha facilitado?<br>Puede solicitar que se elimine su informaci\u00f3n haciendo clic en el bot\u00f3n Contacto\/Chat en vivo de esta p\u00e1gina o de la p\u00e1gina de inicio.<\/p>\n\n\n\n<p>Tenga en cuenta que podemos conservar informaci\u00f3n sobre una transacci\u00f3n de venta individual con el fin de completar dicha transacci\u00f3n y a efectos de mantenimiento de registros.<\/p>\n\n\n\n<p>Divulgaci\u00f3n a terceros<br>No vendemos, intercambiamos ni transferimos a terceros sus datos personales a menos que se lo notifiquemos con antelaci\u00f3n. Esto no incluye a los socios de alojamiento de sitios web y otras partes que nos ayudan a operar nuestro sitio web, llevar a cabo nuestro negocio o prestarle servicios, siempre que dichas partes se comprometan a mantener la confidencialidad de esta informaci\u00f3n. Tambi\u00e9n podemos divulgar su informaci\u00f3n cuando creamos que es apropiado para cumplir la ley, hacer cumplir las pol\u00edticas de nuestro sitio o proteger nuestros derechos, propiedad o seguridad o los de otros.<\/p>\n\n\n\n<p>No obstante, la informaci\u00f3n no personal de los visitantes puede facilitarse a terceros para fines de marketing, publicidad u otros usos.<\/p>\n\n\n\n<p>Enlaces de terceros<br>Ocasionalmente, a nuestra discreci\u00f3n, podemos incluir u ofrecer productos o servicios de terceros en nuestro sitio web. Estos sitios de terceros tienen pol\u00edticas de privacidad separadas e independientes. Por lo tanto, no tenemos responsabilidad alguna por el contenido y las actividades de estos sitios enlazados. No obstante, tratamos de proteger la integridad de nuestro sitio y agradecemos cualquier comentario sobre estos sitios.<\/p>\n\n\n\n<p>Transferencia de sus datos personales<br>Su informaci\u00f3n, incluida la informaci\u00f3n personal, puede ser transferida y mantenida en ordenadores situados fuera de su estado, provincia, pa\u00eds u otra jurisdicci\u00f3n gubernamental donde las leyes de protecci\u00f3n de datos pueden diferir de las de su jurisdicci\u00f3n.<\/p>\n\n\n\n<p>Tomaremos todas las medidas razonablemente necesarias para garantizar que sus datos sean tratados de forma segura y de acuerdo con esta Pol\u00edtica de Privacidad y no se realizar\u00e1 ninguna transferencia de su informaci\u00f3n personal a una organizaci\u00f3n o pa\u00eds a menos que existan controles adecuados que incluyan la seguridad de sus datos y otra informaci\u00f3n personal.<\/p>\n\n\n\n<p>Divulgaci\u00f3n de sus datos personales<br>Si participamos en una fusi\u00f3n, adquisici\u00f3n o venta de activos, su informaci\u00f3n personal puede ser transferida. Le avisaremos antes de que su informaci\u00f3n personal sea transferida y quede sujeta a una pol\u00edtica de privacidad diferente.<\/p>\n\n\n\n<p>En determinadas circunstancias, podemos vernos obligados a revelar sus datos personales si as\u00ed nos lo exige la ley o en respuesta a solicitudes v\u00e1lidas de las autoridades p\u00fablicas (por ejemplo, un tribunal o un organismo gubernamental).<\/p>\n\n\n\n<p>Conservaci\u00f3n de sus datos personales<br>Conservaremos su informaci\u00f3n personal s\u00f3lo durante el tiempo que sea necesario para los fines establecidos en esta Pol\u00edtica de Privacidad. Conservaremos y utilizaremos su informaci\u00f3n en la medida necesaria para cumplir nuestras obligaciones legales (por ejemplo, si estamos obligados a conservar sus datos para cumplir la legislaci\u00f3n aplicable), resolver litigios y hacer cumplir nuestros acuerdos y pol\u00edticas legales.<\/p>\n\n\n\n<p>Informaci\u00f3n sobre sus derechos de protecci\u00f3n de datos en virtud del Reglamento General de Protecci\u00f3n de Datos (RGPD)<br>A los efectos de la presente Pol\u00edtica de Privacidad, somos un Controlador de Datos de su informaci\u00f3n personal.<\/p>\n\n\n\n<p>Si usted procede del Espacio Econ\u00f3mico Europeo (EEE), nuestra base jur\u00eddica para recoger y utilizar su informaci\u00f3n personal, tal como se describe en esta Pol\u00edtica de Privacidad, depende de la informaci\u00f3n que recojamos y del contexto espec\u00edfico en el que la recojamos. Podemos procesar su informaci\u00f3n personal porque:<\/p>\n\n\n\n<p>Necesitamos cumplir un contrato con usted, como cuando crea una Pol\u00edtica con nosotros<br>Nos ha dado permiso para hacerlo<br>El tratamiento responde a nuestros intereses leg\u00edtimos y sus derechos no prevalecen sobre ellos.<br>A efectos de procesamiento de pagos<br>Cumplir la ley<br>Si usted reside en el Espacio Econ\u00f3mico Europeo (EEE), tiene determinados derechos en materia de protecci\u00f3n de datos. En determinadas circunstancias, tiene los siguientes derechos de protecci\u00f3n de datos:<\/p>\n\n\n\n<p>Derecho a acceder a sus datos personales, actualizarlos o eliminarlos.<br>Derecho de rectificaci\u00f3n<br>Derecho de oposici\u00f3n<br>Derecho de restricci\u00f3n<br>Derecho a la portabilidad de los datos<br>Derecho a retirar el consentimiento<br>Tenga en cuenta que podemos pedirle que verifique su identidad antes de responder a dichas solicitudes.<\/p>\n\n\n\n<p>Usted tiene derecho a reclamar ante una Autoridad de Protecci\u00f3n de Datos acerca de nuestra recogida y uso de su informaci\u00f3n personal. Para m\u00e1s informaci\u00f3n, p\u00f3ngase en contacto con su autoridad local de protecci\u00f3n de datos en el Espacio Econ\u00f3mico Europeo (EEE).<\/p>\n\n\n\n<p>Aviso \"No venda mis datos personales\" para los consumidores de California en virtud de la Ley de Protecci\u00f3n de Datos de los Consumidores de California (CCPA)<br>En virtud de la CCPA, los consumidores de California tienen derecho a:<\/p>\n\n\n\n<p>Solicitar que una empresa que recopila datos personales de un consumidor revele las categor\u00edas y los datos personales espec\u00edficos que ha recopilado sobre los consumidores.<br>Solicitar que una empresa elimine cualquier dato personal sobre el consumidor que haya recopilado.<br>Solicitar que una empresa que vende datos personales de un consumidor, no venda los datos personales del consumidor.<br>Si realiza una solicitud, disponemos de un mes para responderle. Si desea ejercer alguno de estos derechos, p\u00f3ngase en contacto con nosotros.<\/p>\n\n\n\n<p>Proveedores de servicios<br>Contratamos a terceras empresas y particulares para que faciliten nuestro sitio web (\"proveedores de servicios\"), lo proporcionen en nuestro nombre, presten servicios relacionados con el sitio web o nos ayuden a analizar c\u00f3mo se utiliza nuestro sitio web. Estos terceros s\u00f3lo tienen acceso a su informaci\u00f3n personal para realizar estas tareas en nuestro nombre y est\u00e1n obligados a no divulgarla ni utilizarla para ning\u00fan otro fin.<\/p>\n\n\n\n<p>Anal\u00edtica<br>Google Analytics es un servicio de an\u00e1lisis web ofrecido por Google que rastrea e informa sobre el tr\u00e1fico del sitio web. Google utiliza los datos recopilados para rastrear y supervisar el uso de nuestro Servicio. Estos datos se comparten con otros servicios de Google. Google puede utilizar los datos recopilados para contextualizar y personalizar los anuncios de su propia red publicitaria.<\/p>\n\n\n\n<p>Puede optar por no poner su actividad en el Servicio a disposici\u00f3n de Google Analytics instalando el complemento de inhabilitaci\u00f3n para navegadores de Google Analytics. El complemento impide que el JavaScript de Google Analytics (ga.js, analytics.js y dc.js) comparta informaci\u00f3n con Google Analytics sobre la actividad de las visitas.<\/p>\n\n\n\n<p>Para obtener m\u00e1s informaci\u00f3n sobre las pr\u00e1cticas de privacidad de Google, visite la p\u00e1gina web de privacidad y condiciones de Google: http:\/\/www.google.com\/intl\/en\/policies\/privacy\/.<\/p>\n\n\n\n<p>Procesadores de pagos<br>En nuestro sitio web ofrecemos productos y\/o servicios de pago. En ese caso, utilizamos servicios de terceros para el procesamiento de pagos (por ejemplo, procesadores de pagos).<\/p>\n\n\n\n<p>No almacenaremos ni recopilaremos los datos de su tarjeta de pago. Esa informaci\u00f3n se facilita directamente a nuestros procesadores de pagos externos, cuyo uso de sus datos personales se rige por su Pol\u00edtica de Privacidad. Estos procesadores de pagos se adhieren a las normas establecidas por PCI-DSS gestionadas por el PCI Security Standards Council.<\/p>\n\n\n\n<p>Contacto<br>Si tiene alguna pregunta sobre esta pol\u00edtica de privacidad, puede ponerse en contacto con nosotros.<\/p>","protected":false},"excerpt":{"rendered":"<p>This privacy policy has been compiled to better serve those who are concerned with how their &#8220;Personally identifiable information&#8221; (PII) is being used online. PI is information that can be used on its own or with other information to identify, contact, or locate a single person, or to identify an individual in context. Please read [&hellip;]<\/p>","protected":false},"author":1,"featured_media":0,"parent":0,"menu_order":0,"comment_status":"closed","ping_status":"closed","template":"","meta":{"rank_math_lock_modified_date":false,"site-sidebar-layout":"default","site-content-layout":"default","ast-site-content-layout":"","site-content-style":"default","site-sidebar-style":"default","ast-global-header-display":"","ast-banner-title-visibility":"","ast-main-header-display":"","ast-hfb-above-header-display":"","ast-hfb-below-header-display":"","ast-hfb-mobile-header-display":"","site-post-title":"","ast-breadcrumbs-content":"","ast-featured-img":"","footer-sml-layout":"","theme-transparent-header-meta":"default","adv-header-id-meta":"","stick-header-meta":"","header-above-stick-meta":"","header-main-stick-meta":"","header-below-stick-meta":"","astra-migrate-meta-layouts":"default","ast-page-background-enabled":"default","ast-page-background-meta":{"desktop":{"background-color":"","background-image":"","background-repeat":"repeat","background-position":"center center","background-size":"auto","background-attachment":"scroll","background-type":"","background-media":"","overlay-type":"","overlay-color":"","overlay-opacity":"","overlay-gradient":""},"tablet":{"background-color":"","background-image":"","background-repeat":"repeat","background-position":"center center","background-size":"auto","background-attachment":"scroll","background-type":"","background-media":"","overlay-type":"","overlay-color":"","overlay-opacity":"","overlay-gradient":""},"mobile":{"background-color":"","background-image":"","background-repeat":"repeat","background-position":"center center","background-size":"auto","background-attachment":"scroll","background-type":"","background-media":"","overlay-type":"","overlay-color":"","overlay-opacity":"","overlay-gradient":""}},"ast-content-background-meta":{"desktop":{"background-color":"var(--ast-global-color-5)","background-image":"","background-repeat":"repeat","background-position":"center center","background-size":"auto","background-attachment":"scroll","background-type":"","background-media":"","overlay-type":"","overlay-color":"","overlay-opacity":"","overlay-gradient":""},"tablet":{"background-color":"var(--ast-global-color-5)","background-image":"","background-repeat":"repeat","background-position":"center center","background-size":"auto","background-attachment":"scroll","background-type":"","background-media":"","overlay-type":"","overlay-color":"","overlay-opacity":"","overlay-gradient":""},"mobile":{"background-color":"var(--ast-global-color-5)","background-image":"","background-repeat":"repeat","background-position":"center center","background-size":"auto","background-attachment":"scroll","background-type":"","background-media":"","overlay-type":"","overlay-color":"","overlay-opacity":"","overlay-gradient":""}},"footnotes":""},"class_list":["post-4042","page","type-page","status-publish","hentry"],"_links":{"self":[{"href":"https:\/\/tenabrix.com\/es\/wp-json\/wp\/v2\/pages\/4042","targetHints":{"allow":["GET"]}}],"collection":[{"href":"https:\/\/tenabrix.com\/es\/wp-json\/wp\/v2\/pages"}],"about":[{"href":"https:\/\/tenabrix.com\/es\/wp-json\/wp\/v2\/types\/page"}],"author":[{"embeddable":true,"href":"https:\/\/tenabrix.com\/es\/wp-json\/wp\/v2\/users\/1"}],"replies":[{"embeddable":true,"href":"https:\/\/tenabrix.com\/es\/wp-json\/wp\/v2\/comments?post=4042"}],"version-history":[{"count":1,"href":"https:\/\/tenabrix.com\/es\/wp-json\/wp\/v2\/pages\/4042\/revisions"}],"predecessor-version":[{"id":4044,"href":"https:\/\/tenabrix.com\/es\/wp-json\/wp\/v2\/pages\/4042\/revisions\/4044"}],"wp:attachment":[{"href":"https:\/\/tenabrix.com\/es\/wp-json\/wp\/v2\/media?parent=4042"}],"curies":[{"name":"wp","href":"https:\/\/api.w.org\/{rel}","templated":true}]}}