{"id":4042,"date":"2022-04-29T01:47:11","date_gmt":"2022-04-29T01:47:11","guid":{"rendered":"http:\/\/tenabrix.com\/?page_id=4042"},"modified":"2022-06-20T02:06:49","modified_gmt":"2022-06-20T02:06:49","slug":"privacy-policy-2","status":"publish","type":"page","link":"https:\/\/tenabrix.com\/fr\/politique-de-confidentialite-2\/","title":{"rendered":"Politique de confidentialit\u00e9"},"content":{"rendered":"<p>La pr\u00e9sente politique de confidentialit\u00e9 a \u00e9t\u00e9 \u00e9labor\u00e9e pour mieux servir les personnes qui s'inqui\u00e8tent de la mani\u00e8re dont leurs \"informations personnelles identifiables\" (IPI) sont utilis\u00e9es en ligne. Les IP sont des informations qui peuvent \u00eatre utilis\u00e9es seules ou avec d'autres informations pour identifier, contacter ou localiser une seule personne, ou pour identifier une personne dans son contexte. Veuillez lire attentivement notre politique de confidentialit\u00e9 pour bien comprendre comment nous collectons, utilisons, prot\u00e9geons ou traitons vos informations d'identification personnelle conform\u00e9ment \u00e0 notre site web.<\/p>\n\n\n\n<p>Quelles informations personnelles recueillons-nous aupr\u00e8s des personnes qui visitent notre blog, notre site web ou notre application ?<br>Lors d'une commande ou d'une inscription sur notre site, selon le cas, il peut vous \u00eatre demand\u00e9 de saisir votre nom, votre adresse \u00e9lectronique, votre adresse postale, des informations sur votre carte de cr\u00e9dit ou d'autres d\u00e9tails afin que nous puissions vous fournir nos services.<\/p>\n\n\n\n<p>Quand recueillons-nous des informations ?<br>Nous recueillons des informations aupr\u00e8s de vous lorsque vous vous inscrivez sur notre site, passez une commande, vous abonnez \u00e0 un bulletin d'information, remplissez un formulaire ou saisissez des informations sur notre site.<\/p>\n\n\n\n<p>Comment utilisons-nous vos informations ?<br>Nous pouvons utiliser ces informations de la mani\u00e8re suivante :<\/p>\n\n\n\n<p>Pour personnaliser votre exp\u00e9rience sur notre site et nous permettre de vous proposer le type de contenu et d'offres de produits qui vous int\u00e9ressent le plus.<br>Am\u00e9liorer notre site web afin de mieux vous servir.<br>Pour nous permettre de mieux vous servir en r\u00e9pondant \u00e0 vos demandes de service \u00e0 la client\u00e8le.<br>Pour administrer un concours, une promotion, une enqu\u00eate ou une autre fonction du site.<br>Pour traiter rapidement vos transactions.<br>Pour envoyer des courriels p\u00e9riodiques concernant votre commande ou d'autres produits et services.<br>Comment prot\u00e9geons-nous les informations que nous recevons ?<br>Notre site est r\u00e9guli\u00e8rement examin\u00e9 pour d\u00e9tecter les failles de s\u00e9curit\u00e9 afin de rendre votre visite sur notre site aussi s\u00fbre que possible.<\/p>\n\n\n\n<p>Vos informations personnelles sont conserv\u00e9es dans des r\u00e9seaux s\u00e9curis\u00e9s et ne sont accessibles qu'\u00e0 un nombre limit\u00e9 de personnes disposant de droits d'acc\u00e8s sp\u00e9ciaux \u00e0 ces syst\u00e8mes et tenues de pr\u00e9server la confidentialit\u00e9 de ces informations. En outre, toutes les informations sensibles\/de cr\u00e9dit que vous fournissez sont crypt\u00e9es au moyen de la technologie Secure Socket Layer (SSL). Nous ne stockons pas les informations relatives aux cartes de cr\u00e9dit\/d\u00e9bit sur nos syst\u00e8mes.<\/p>\n\n\n\n<p>Nous mettons en \u0153uvre une s\u00e9rie de mesures de s\u00e9curit\u00e9 lorsqu'un utilisateur passe une commande, entre, soumet ou acc\u00e8de \u00e0 ses informations afin de pr\u00e9server la s\u00e9curit\u00e9 de vos donn\u00e9es personnelles.<\/p>\n\n\n\n<p>Toutes les transactions sont trait\u00e9es par l'interm\u00e9diaire d'un fournisseur de passerelle et ne sont pas stock\u00e9es ou trait\u00e9es sur nos serveurs.<\/p>\n\n\n\n<p>Utilisons-nous des \"cookies\" ?<br>Oui. Les cookies sont de petits fichiers qu'un site ou son fournisseur de services transf\u00e8re sur le disque dur de votre ordinateur par l'interm\u00e9diaire de votre navigateur Web (si vous l'autorisez) et qui permet aux syst\u00e8mes du site ou du fournisseur de services de reconna\u00eetre votre navigateur et de capturer et m\u00e9moriser certaines informations. Par exemple, nous utilisons des cookies pour nous aider \u00e0 m\u00e9moriser et \u00e0 traiter les articles de votre panier d'achat. Ils sont \u00e9galement utilis\u00e9s pour nous aider \u00e0 comprendre vos pr\u00e9f\u00e9rences en fonction de vos activit\u00e9s ant\u00e9rieures ou actuelles sur le site, ce qui nous permet de vous fournir des services am\u00e9lior\u00e9s. Nous utilisons \u00e9galement des cookies pour nous aider \u00e0 compiler des donn\u00e9es globales sur le trafic et l'interaction sur le site afin de pouvoir offrir de meilleures exp\u00e9riences et de meilleurs outils \u00e0 l'avenir.<\/p>\n\n\n\n<p>Nous utilisons des cookies pour :<\/p>\n\n\n\n<p>Aider \u00e0 m\u00e9moriser et \u00e0 traiter les articles du panier d'achat.<br>Comprendre et enregistrer les pr\u00e9f\u00e9rences de l'utilisateur pour les visites ult\u00e9rieures.<br>Compiler des donn\u00e9es globales sur le trafic et les interactions sur le site afin d'offrir de meilleures exp\u00e9riences et de meilleurs outils \u00e0 l'avenir. Nous pouvons \u00e9galement faire appel \u00e0 des services tiers de confiance qui suivent ces informations en notre nom.<br>Vous pouvez choisir que votre ordinateur vous avertisse chaque fois qu'un cookie est envoy\u00e9, ou vous pouvez choisir de d\u00e9sactiver tous les cookies. Pour ce faire, vous devez utiliser les param\u00e8tres de votre navigateur (comme Internet Explorer). Chaque navigateur \u00e9tant l\u00e9g\u00e8rement diff\u00e9rent, consultez le menu d'aide de votre navigateur pour conna\u00eetre la bonne fa\u00e7on de modifier vos cookies.<\/p>\n\n\n\n<p>Si vous d\u00e9sactivez les cookies, certaines fonctionnalit\u00e9s seront d\u00e9sactiv\u00e9es. Cela d\u00e9sactivera certaines des fonctionnalit\u00e9s qui rendent votre exp\u00e9rience du site plus efficace et certains de nos services ne fonctionneront pas correctement.<\/p>\n\n\n\n<p>Comment pouvez-vous vous d\u00e9sinscrire, supprimer ou modifier les informations que vous nous avez fournies ?<br>Vous pouvez demander \u00e0 ce que vos informations soient supprim\u00e9es en cliquant sur le bouton \"Contact Us\/Live Chat\" sur cette page ou sur la page d'accueil.<\/p>\n\n\n\n<p>Veuillez noter que nous pouvons conserver des informations sur une transaction de vente individuelle afin de mener \u00e0 bien cette transaction et \u00e0 des fins d'archivage.<\/p>\n\n\n\n<p>Divulgations \u00e0 des tiers<br>Nous ne vendons, n'\u00e9changeons ni ne transf\u00e9rons de quelque mani\u00e8re que ce soit \u00e0 des tiers vos informations personnelles identifiables, sauf si nous vous en informons \u00e0 l'avance. Cela n'inclut pas les partenaires d'h\u00e9bergement du site web et les autres parties qui nous aident \u00e0 exploiter notre site web, \u00e0 mener nos activit\u00e9s ou \u00e0 vous fournir des services, pour autant que ces parties acceptent de garder ces informations confidentielles. Nous pouvons \u00e9galement divulguer vos informations lorsque nous estimons qu'il est appropri\u00e9 de le faire pour respecter la loi, appliquer les politiques de notre site ou prot\u00e9ger nos droits, notre propri\u00e9t\u00e9 ou notre s\u00e9curit\u00e9, ou ceux d'autres personnes.<\/p>\n\n\n\n<p>Toutefois, des informations non personnellement identifiables sur les visiteurs peuvent \u00eatre fournies \u00e0 d'autres parties \u00e0 des fins de marketing, de publicit\u00e9 ou autres.<\/p>\n\n\n\n<p>Liens avec des tiers<br>Occasionnellement, \u00e0 notre discr\u00e9tion, nous pouvons inclure ou offrir des produits ou services de tiers sur notre site web. Ces sites tiers ont des politiques de confidentialit\u00e9 distinctes et ind\u00e9pendantes. Nous ne sommes donc pas responsables du contenu et des activit\u00e9s de ces sites. N\u00e9anmoins, nous cherchons \u00e0 prot\u00e9ger l'int\u00e9grit\u00e9 de notre site et nous accueillons volontiers tout retour d'information concernant ces sites.<\/p>\n\n\n\n<p>Transfert de vos informations personnelles<br>Vos informations, y compris les informations personnelles, peuvent \u00eatre transf\u00e9r\u00e9es et conserv\u00e9es sur des ordinateurs situ\u00e9s en dehors de votre \u00c9tat, province, pays ou autre juridiction gouvernementale o\u00f9 les lois sur la protection des donn\u00e9es peuvent diff\u00e9rer de celles de votre juridiction.<\/p>\n\n\n\n<p>Nous prendrons toutes les mesures raisonnablement n\u00e9cessaires pour garantir que vos donn\u00e9es sont trait\u00e9es en toute s\u00e9curit\u00e9 et conform\u00e9ment \u00e0 la pr\u00e9sente politique de confidentialit\u00e9 et aucun transfert de vos informations personnelles n'aura lieu vers une organisation ou un pays \u00e0 moins que des contr\u00f4les ad\u00e9quats ne soient en place, notamment en ce qui concerne la s\u00e9curit\u00e9 de vos donn\u00e9es et d'autres informations personnelles.<\/p>\n\n\n\n<p>Divulgation de vos informations personnelles<br>Si nous sommes impliqu\u00e9s dans une fusion, une acquisition ou une vente d'actifs, vos informations personnelles peuvent \u00eatre transf\u00e9r\u00e9es. Nous vous pr\u00e9viendrons avant que vos informations personnelles ne soient transf\u00e9r\u00e9es et soumises \u00e0 une politique de confidentialit\u00e9 diff\u00e9rente.<\/p>\n\n\n\n<p>Dans certaines circonstances, nous pouvons \u00eatre tenus de divulguer vos informations personnelles si la loi l'exige ou en r\u00e9ponse \u00e0 des demandes valables des autorit\u00e9s publiques (par exemple, un tribunal ou une agence gouvernementale).<\/p>\n\n\n\n<p>Conservation de vos donn\u00e9es personnelles<br>Nous ne conserverons vos informations personnelles que pour la dur\u00e9e n\u00e9cessaire aux fins \u00e9nonc\u00e9es dans la pr\u00e9sente politique de protection de la vie priv\u00e9e. Nous conserverons et utiliserons vos informations dans la mesure n\u00e9cessaire pour nous conformer \u00e0 nos obligations l\u00e9gales (par exemple, si nous sommes tenus de conserver vos donn\u00e9es pour nous conformer aux lois applicables), r\u00e9soudre les litiges et appliquer nos accords juridiques et nos politiques.<\/p>\n\n\n\n<p>Informations concernant vos droits en mati\u00e8re de protection des donn\u00e9es en vertu du r\u00e8glement g\u00e9n\u00e9ral sur la protection des donn\u00e9es (RGPD)<br>Aux fins de la pr\u00e9sente politique de confidentialit\u00e9, nous sommes le contr\u00f4leur des donn\u00e9es de vos informations personnelles.<\/p>\n\n\n\n<p>Si vous r\u00e9sidez dans l'Espace \u00e9conomique europ\u00e9en (EEE), notre base juridique pour la collecte et l'utilisation de vos informations personnelles, telle que d\u00e9crite dans la pr\u00e9sente politique de confidentialit\u00e9, d\u00e9pend des informations que nous recueillons et du contexte sp\u00e9cifique dans lequel nous les recueillons. Nous pouvons traiter vos informations personnelles pour les raisons suivantes<\/p>\n\n\n\n<p>Nous devons ex\u00e9cuter un contrat avec vous, par exemple lorsque vous cr\u00e9ez une politique avec nous.<br>Vous nous avez donn\u00e9 l'autorisation de le faire<br>Le traitement est effectu\u00e9 dans notre int\u00e9r\u00eat l\u00e9gitime et vos droits ne s'y opposent pas.<br>Pour le traitement des paiements<br>Pour se conformer \u00e0 la loi<br>Si vous r\u00e9sidez dans l'Espace \u00e9conomique europ\u00e9en (EEE), vous disposez de certains droits en mati\u00e8re de protection des donn\u00e9es. Dans certaines circonstances, vous disposez des droits suivants en mati\u00e8re de protection des donn\u00e9es :<\/p>\n\n\n\n<p>Le droit d'acc\u00e9der, de mettre \u00e0 jour ou de supprimer les informations personnelles dont nous disposons \u00e0 votre sujet<br>Le droit de rectification<br>Le droit d'opposition<br>Le droit de restriction<br>Le droit \u00e0 la portabilit\u00e9 des donn\u00e9es<br>Le droit de retirer son consentement<br>Veuillez noter que nous pouvons vous demander de v\u00e9rifier votre identit\u00e9 avant de r\u00e9pondre \u00e0 de telles demandes.<\/p>\n\n\n\n<p>Vous avez le droit de d\u00e9poser une plainte aupr\u00e8s d'une autorit\u00e9 de protection des donn\u00e9es concernant la collecte et l'utilisation de vos informations personnelles. Pour plus d'informations, veuillez contacter votre autorit\u00e9 locale de protection des donn\u00e9es dans l'Espace \u00e9conomique europ\u00e9en (EEE).<\/p>\n\n\n\n<p>Avis \"Ne vendez pas mes informations personnelles\" pour les consommateurs californiens en vertu de la loi californienne sur la protection de la vie priv\u00e9e des consommateurs (CCPA)<br>En vertu de la CCPA, les consommateurs californiens ont le droit de :<\/p>\n\n\n\n<p>Demander \u00e0 une entreprise qui collecte les donn\u00e9es personnelles d'un consommateur de divulguer les cat\u00e9gories et les \u00e9l\u00e9ments sp\u00e9cifiques des donn\u00e9es personnelles qu'elle a collect\u00e9es sur les consommateurs.<br>Demander \u00e0 une entreprise de supprimer toutes les donn\u00e9es \u00e0 caract\u00e8re personnel qu'elle a recueillies sur le consommateur.<br>Demander qu'une entreprise qui vend les donn\u00e9es personnelles d'un consommateur ne vende pas les donn\u00e9es personnelles du consommateur.<br>Si vous faites une demande, nous avons un mois pour vous r\u00e9pondre. Si vous souhaitez exercer l'un de ces droits, veuillez nous contacter.<\/p>\n\n\n\n<p>Prestataires de services<br>Nous employons des soci\u00e9t\u00e9s et des personnes tierces pour faciliter notre site web (\"fournisseurs de services\"), pour fournir notre site web en notre nom, pour effectuer des services li\u00e9s au site web ou pour nous aider \u00e0 analyser la mani\u00e8re dont notre site web est utilis\u00e9. Ces tiers n'ont acc\u00e8s \u00e0 vos informations personnelles que pour effectuer ces t\u00e2ches en notre nom et sont tenus de ne pas les divulguer ou les utiliser \u00e0 d'autres fins.<\/p>\n\n\n\n<p>Analyse<br>Google Analytics est un service d'analyse du Web offert par Google qui permet de suivre et de rapporter le trafic sur les sites Web. Google utilise les donn\u00e9es collect\u00e9es pour suivre et contr\u00f4ler l'utilisation de notre service. Ces donn\u00e9es sont partag\u00e9es avec d'autres services de Google. Google peut utiliser les donn\u00e9es collect\u00e9es pour contextualiser et personnaliser les annonces de son propre r\u00e9seau publicitaire.<\/p>\n\n\n\n<p>Vous pouvez refuser que votre activit\u00e9 sur le Service soit mise \u00e0 la disposition de Google Analytics en installant le module compl\u00e9mentaire de navigateur pour la d\u00e9sactivation de Google Analytics. Ce module emp\u00eache le JavaScript de Google Analytics (ga.js, analytics.js et dc.js) de partager avec Google Analytics des informations sur l'activit\u00e9 des visiteurs.<\/p>\n\n\n\n<p>Pour plus d'informations sur les pratiques de Google en mati\u00e8re de confidentialit\u00e9, veuillez consulter la page Web Google Privacy &amp; Terms (Confidentialit\u00e9 et conditions d'utilisation) : http:\/\/www.google.com\/intl\/en\/policies\/privacy\/<\/p>\n\n\n\n<p>Organismes de traitement des paiements<br>Nous proposons des produits et\/ou des services payants sur notre site web. Dans ce cas, nous utilisons des services tiers pour le traitement des paiements (par exemple, des processeurs de paiement).<\/p>\n\n\n\n<p>Nous ne conservons ni ne collectons les donn\u00e9es relatives \u00e0 votre carte de paiement. Ces informations sont fournies directement \u00e0 nos prestataires de services de paiement tiers, dont l'utilisation de vos informations personnelles est r\u00e9gie par leur politique de confidentialit\u00e9. Ces processeurs de paiement adh\u00e8rent aux normes \u00e9tablies par PCI-DSS, telles que g\u00e9r\u00e9es par le Conseil des normes de s\u00e9curit\u00e9 PCI.<\/p>\n\n\n\n<p>Nous contacter<br>Si vous avez des questions concernant cette politique de confidentialit\u00e9, vous pouvez nous contacter.<\/p>","protected":false},"excerpt":{"rendered":"<p>This privacy policy has been compiled to better serve those who are concerned with how their &#8220;Personally identifiable information&#8221; (PII) is being used online. PI is information that can be used on its own or with other information to identify, contact, or locate a single person, or to identify an individual in context. Please read [&hellip;]<\/p>","protected":false},"author":1,"featured_media":0,"parent":0,"menu_order":0,"comment_status":"closed","ping_status":"closed","template":"","meta":{"rank_math_lock_modified_date":false,"site-sidebar-layout":"default","site-content-layout":"default","ast-site-content-layout":"","site-content-style":"default","site-sidebar-style":"default","ast-global-header-display":"","ast-banner-title-visibility":"","ast-main-header-display":"","ast-hfb-above-header-display":"","ast-hfb-below-header-display":"","ast-hfb-mobile-header-display":"","site-post-title":"","ast-breadcrumbs-content":"","ast-featured-img":"","footer-sml-layout":"","theme-transparent-header-meta":"default","adv-header-id-meta":"","stick-header-meta":"","header-above-stick-meta":"","header-main-stick-meta":"","header-below-stick-meta":"","astra-migrate-meta-layouts":"default","ast-page-background-enabled":"default","ast-page-background-meta":{"desktop":{"background-color":"","background-image":"","background-repeat":"repeat","background-position":"center center","background-size":"auto","background-attachment":"scroll","background-type":"","background-media":"","overlay-type":"","overlay-color":"","overlay-opacity":"","overlay-gradient":""},"tablet":{"background-color":"","background-image":"","background-repeat":"repeat","background-position":"center center","background-size":"auto","background-attachment":"scroll","background-type":"","background-media":"","overlay-type":"","overlay-color":"","overlay-opacity":"","overlay-gradient":""},"mobile":{"background-color":"","background-image":"","background-repeat":"repeat","background-position":"center center","background-size":"auto","background-attachment":"scroll","background-type":"","background-media":"","overlay-type":"","overlay-color":"","overlay-opacity":"","overlay-gradient":""}},"ast-content-background-meta":{"desktop":{"background-color":"var(--ast-global-color-5)","background-image":"","background-repeat":"repeat","background-position":"center center","background-size":"auto","background-attachment":"scroll","background-type":"","background-media":"","overlay-type":"","overlay-color":"","overlay-opacity":"","overlay-gradient":""},"tablet":{"background-color":"var(--ast-global-color-5)","background-image":"","background-repeat":"repeat","background-position":"center center","background-size":"auto","background-attachment":"scroll","background-type":"","background-media":"","overlay-type":"","overlay-color":"","overlay-opacity":"","overlay-gradient":""},"mobile":{"background-color":"var(--ast-global-color-5)","background-image":"","background-repeat":"repeat","background-position":"center center","background-size":"auto","background-attachment":"scroll","background-type":"","background-media":"","overlay-type":"","overlay-color":"","overlay-opacity":"","overlay-gradient":""}},"footnotes":""},"class_list":["post-4042","page","type-page","status-publish","hentry"],"_links":{"self":[{"href":"https:\/\/tenabrix.com\/fr\/wp-json\/wp\/v2\/pages\/4042","targetHints":{"allow":["GET"]}}],"collection":[{"href":"https:\/\/tenabrix.com\/fr\/wp-json\/wp\/v2\/pages"}],"about":[{"href":"https:\/\/tenabrix.com\/fr\/wp-json\/wp\/v2\/types\/page"}],"author":[{"embeddable":true,"href":"https:\/\/tenabrix.com\/fr\/wp-json\/wp\/v2\/users\/1"}],"replies":[{"embeddable":true,"href":"https:\/\/tenabrix.com\/fr\/wp-json\/wp\/v2\/comments?post=4042"}],"version-history":[{"count":1,"href":"https:\/\/tenabrix.com\/fr\/wp-json\/wp\/v2\/pages\/4042\/revisions"}],"predecessor-version":[{"id":4044,"href":"https:\/\/tenabrix.com\/fr\/wp-json\/wp\/v2\/pages\/4042\/revisions\/4044"}],"wp:attachment":[{"href":"https:\/\/tenabrix.com\/fr\/wp-json\/wp\/v2\/media?parent=4042"}],"curies":[{"name":"wp","href":"https:\/\/api.w.org\/{rel}","templated":true}]}}