{"id":4042,"date":"2022-04-29T01:47:11","date_gmt":"2022-04-29T01:47:11","guid":{"rendered":"http:\/\/tenabrix.com\/?page_id=4042"},"modified":"2022-06-20T02:06:49","modified_gmt":"2022-06-20T02:06:49","slug":"privacy-policy-2","status":"publish","type":"page","link":"https:\/\/tenabrix.com\/pt\/politica-de-privacidade-2\/","title":{"rendered":"Pol\u00edtica de privacidade"},"content":{"rendered":"<p>Esta pol\u00edtica de privacidade foi compilada para melhor atender \u00e0queles que est\u00e3o preocupados com a forma como suas \"Informa\u00e7\u00f5es de identifica\u00e7\u00e3o pessoal\" (IPI) est\u00e3o sendo usadas on-line. PI s\u00e3o informa\u00e7\u00f5es que podem ser usadas isoladamente ou com outras informa\u00e7\u00f5es para identificar, contatar ou localizar uma \u00fanica pessoa ou para identificar um indiv\u00edduo no contexto. Leia atentamente nossa pol\u00edtica de privacidade para ter uma compreens\u00e3o clara de como coletamos, usamos, protegemos ou tratamos suas Informa\u00e7\u00f5es Pessoais Identific\u00e1veis de acordo com nosso site.<\/p>\n\n\n\n<p>Quais informa\u00e7\u00f5es pessoais coletamos das pessoas que visitam nosso blog, site ou aplicativo?<br>Ao fazer um pedido ou registrar-se em nosso site, conforme o caso, pode ser solicitado que voc\u00ea digite seu nome, endere\u00e7o de e-mail, endere\u00e7o para correspond\u00eancia, informa\u00e7\u00f5es sobre cart\u00e3o de cr\u00e9dito ou outros detalhes para que possamos fornecer nossos servi\u00e7os a voc\u00ea.<\/p>\n\n\n\n<p>Quando coletamos informa\u00e7\u00f5es?<br>Coletamos suas informa\u00e7\u00f5es quando voc\u00ea se registra em nosso site, faz um pedido, assina um boletim informativo, preenche um formul\u00e1rio ou insere informa\u00e7\u00f5es em nosso site.<\/p>\n\n\n\n<p>Como usamos suas informa\u00e7\u00f5es?<br>Podemos usar essas informa\u00e7\u00f5es das seguintes maneiras:<\/p>\n\n\n\n<p>Para personalizar sua experi\u00eancia em nosso site e permitir que forne\u00e7amos o tipo de conte\u00fado e as ofertas de produtos nos quais voc\u00ea est\u00e1 mais interessado.<br>Para aprimorar nosso site a fim de melhor atend\u00ea-lo.<br>Para que possamos atend\u00ea-lo melhor, respondendo \u00e0s suas solicita\u00e7\u00f5es de atendimento ao cliente.<br>Para administrar um concurso, promo\u00e7\u00e3o, pesquisa ou outro recurso do site.<br>Para processar rapidamente suas transa\u00e7\u00f5es.<br>Para enviar e-mails peri\u00f3dicos sobre seu pedido ou outros produtos e servi\u00e7os.<br>Como protegemos as informa\u00e7\u00f5es que recebemos?<br>Nosso site \u00e9 revisado regularmente em busca de vulnerabilidades de seguran\u00e7a, a fim de tornar sua visita ao nosso site o mais segura poss\u00edvel.<\/p>\n\n\n\n<p>Suas informa\u00e7\u00f5es pessoais est\u00e3o contidas em redes seguras e s\u00f3 podem ser acessadas por um n\u00famero limitado de pessoas que t\u00eam direitos especiais de acesso a esses sistemas e s\u00e3o obrigadas a manter as informa\u00e7\u00f5es confidenciais. Al\u00e9m disso, todas as informa\u00e7\u00f5es confidenciais\/de cr\u00e9dito que voc\u00ea fornece s\u00e3o criptografadas por meio da tecnologia Secure Socket Layer (SSL). N\u00e3o armazenamos informa\u00e7\u00f5es de cart\u00e3o de cr\u00e9dito\/d\u00e9bito em nossos sistemas.<\/p>\n\n\n\n<p>Implementamos uma s\u00e9rie de medidas de seguran\u00e7a quando um usu\u00e1rio faz um pedido, insere, envia ou acessa suas informa\u00e7\u00f5es para manter a seguran\u00e7a de suas informa\u00e7\u00f5es pessoais.<\/p>\n\n\n\n<p>Todas as transa\u00e7\u00f5es s\u00e3o processadas por meio de um provedor de gateway e n\u00e3o s\u00e3o armazenadas ou processadas em nossos servidores.<\/p>\n\n\n\n<p>N\u00f3s usamos \"cookies\"?<br>Sim. Cookies s\u00e3o pequenos arquivos que um site ou seu provedor de servi\u00e7os transfere para o disco r\u00edgido do seu computador por meio do navegador da Web (se voc\u00ea permitir), o que permite que os sistemas do site ou do provedor de servi\u00e7os reconhe\u00e7am seu navegador e capturem e lembrem determinadas informa\u00e7\u00f5es. Por exemplo, usamos cookies para nos ajudar a lembrar e processar os itens em seu carrinho de compras. Eles tamb\u00e9m s\u00e3o usados para nos ajudar a entender suas prefer\u00eancias com base em atividades anteriores ou atuais no site, o que nos permite oferecer servi\u00e7os aprimorados. Tamb\u00e9m usamos cookies para nos ajudar a compilar dados agregados sobre o tr\u00e1fego e a intera\u00e7\u00e3o no site, para que possamos oferecer melhores experi\u00eancias e ferramentas no futuro.<\/p>\n\n\n\n<p>Usamos cookies para:<\/p>\n\n\n\n<p>Ajudar a lembrar e processar os itens no carrinho de compras.<br>Compreender e salvar as prefer\u00eancias do usu\u00e1rio para visitas futuras.<br>Compilar dados agregados sobre o tr\u00e1fego e as intera\u00e7\u00f5es no site a fim de oferecer melhores experi\u00eancias e ferramentas no futuro. Tamb\u00e9m podemos usar servi\u00e7os de terceiros confi\u00e1veis que rastreiam essas informa\u00e7\u00f5es em nosso nome.<br>Voc\u00ea pode optar por fazer com que seu computador o avise sempre que um cookie estiver sendo enviado ou pode optar por desativar todos os cookies. Isso \u00e9 feito por meio das configura\u00e7\u00f5es do navegador (como o Internet Explorer). Cada navegador \u00e9 um pouco diferente, portanto, consulte o menu Ajuda do navegador para saber a maneira correta de modificar seus cookies.<\/p>\n\n\n\n<p>Se voc\u00ea desativar os cookies, alguns recursos ser\u00e3o desativados. Isso desativar\u00e1 alguns dos recursos que tornam sua experi\u00eancia no site mais eficiente e alguns de nossos servi\u00e7os n\u00e3o funcionar\u00e3o corretamente.<\/p>\n\n\n\n<p>Como voc\u00ea pode optar por n\u00e3o participar, remover ou modificar as informa\u00e7\u00f5es que nos forneceu?<br>Voc\u00ea pode solicitar a remo\u00e7\u00e3o de suas informa\u00e7\u00f5es clicando no bot\u00e3o Fale conosco\/Bate-papo ao vivo nesta p\u00e1gina ou na p\u00e1gina inicial.<\/p>\n\n\n\n<p>Observe que podemos manter informa\u00e7\u00f5es sobre uma transa\u00e7\u00e3o de vendas individual para concluir essa transa\u00e7\u00e3o e para fins de manuten\u00e7\u00e3o de registros.<\/p>\n\n\n\n<p>Divulga\u00e7\u00f5es de terceiros<br>N\u00e3o vendemos, trocamos ou transferimos de outra forma para terceiros suas informa\u00e7\u00f5es de identifica\u00e7\u00e3o pessoal, a menos que o avisemos com anteced\u00eancia. Isso n\u00e3o inclui parceiros de hospedagem de sites e outras partes que nos auxiliam na opera\u00e7\u00e3o de nosso site, na condu\u00e7\u00e3o de nossos neg\u00f3cios ou na presta\u00e7\u00e3o de servi\u00e7os ao usu\u00e1rio, desde que essas partes concordem em manter essas informa\u00e7\u00f5es confidenciais. Tamb\u00e9m poderemos divulgar suas informa\u00e7\u00f5es quando acreditarmos que a divulga\u00e7\u00e3o \u00e9 apropriada para cumprir a lei, aplicar as pol\u00edticas do site ou proteger nossos direitos, a propriedade ou a seguran\u00e7a de terceiros.<\/p>\n\n\n\n<p>No entanto, informa\u00e7\u00f5es de visitantes n\u00e3o pessoalmente identific\u00e1veis podem ser fornecidas a outras partes para fins de marketing, publicidade ou outros usos.<\/p>\n\n\n\n<p>Links de terceiros<br>Ocasionalmente, a nosso crit\u00e9rio, poderemos incluir ou oferecer produtos ou servi\u00e7os de terceiros em nosso site. Esses sites de terceiros t\u00eam pol\u00edticas de privacidade separadas e independentes. Portanto, n\u00e3o temos nenhuma responsabilidade ou obriga\u00e7\u00e3o pelo conte\u00fado e pelas atividades desses sites vinculados. No entanto, procuramos proteger a integridade de nosso site e agradecemos qualquer feedback sobre esses sites.<\/p>\n\n\n\n<p>Transfer\u00eancia de suas informa\u00e7\u00f5es pessoais<br>Suas informa\u00e7\u00f5es, inclusive informa\u00e7\u00f5es pessoais, podem ser transferidas para - e mantidas em - computadores localizados fora de seu estado, prov\u00edncia, pa\u00eds ou outra jurisdi\u00e7\u00e3o governamental, onde as leis de prote\u00e7\u00e3o de dados podem ser diferentes daquelas de sua jurisdi\u00e7\u00e3o.<\/p>\n\n\n\n<p>Tomaremos todas as medidas razoavelmente necess\u00e1rias para garantir que seus dados sejam tratados com seguran\u00e7a e de acordo com esta Pol\u00edtica de Privacidade e nenhuma transfer\u00eancia de suas informa\u00e7\u00f5es pessoais ocorrer\u00e1 para uma organiza\u00e7\u00e3o ou um pa\u00eds, a menos que haja controles adequados em vigor, incluindo a seguran\u00e7a de seus dados e outras informa\u00e7\u00f5es pessoais.<\/p>\n\n\n\n<p>Divulga\u00e7\u00e3o de suas informa\u00e7\u00f5es pessoais<br>Se estivermos envolvidos em uma fus\u00e3o, aquisi\u00e7\u00e3o ou venda de ativos, suas informa\u00e7\u00f5es pessoais poder\u00e3o ser transferidas. Avisaremos antes que suas informa\u00e7\u00f5es pessoais sejam transferidas e passem a estar sujeitas a uma Pol\u00edtica de Privacidade diferente.<\/p>\n\n\n\n<p>Em determinadas circunst\u00e2ncias, podemos ser obrigados a divulgar suas informa\u00e7\u00f5es pessoais se formos obrigados a faz\u00ea-lo por lei ou em resposta a solicita\u00e7\u00f5es v\u00e1lidas de autoridades p\u00fablicas (por exemplo, um tribunal ou uma ag\u00eancia governamental).<\/p>\n\n\n\n<p>Reten\u00e7\u00e3o de suas informa\u00e7\u00f5es pessoais<br>Reteremos suas informa\u00e7\u00f5es pessoais somente pelo tempo necess\u00e1rio para os fins estabelecidos nesta Pol\u00edtica de Privacidade. Reteremos e usaremos suas informa\u00e7\u00f5es na medida necess\u00e1ria para cumprir nossas obriga\u00e7\u00f5es legais (por exemplo, se formos obrigados a reter seus dados para cumprir as leis aplic\u00e1veis), resolver disputas e fazer cumprir nossos acordos e pol\u00edticas legais.<\/p>\n\n\n\n<p>Informa\u00e7\u00f5es sobre seus direitos de prote\u00e7\u00e3o de dados de acordo com o Regulamento Geral de Prote\u00e7\u00e3o de Dados (GDPR)<br>Para os fins desta Pol\u00edtica de Privacidade, somos um Controlador de Dados de suas informa\u00e7\u00f5es pessoais.<\/p>\n\n\n\n<p>Se voc\u00ea \u00e9 do Espa\u00e7o Econ\u00f4mico Europeu (EEE), nossa base legal para coletar e usar suas informa\u00e7\u00f5es pessoais, conforme descrito nesta Pol\u00edtica de Privacidade, depende das informa\u00e7\u00f5es que coletamos e do contexto espec\u00edfico em que as coletamos. Podemos processar suas informa\u00e7\u00f5es pessoais porque:<\/p>\n\n\n\n<p>Precisamos executar um contrato com voc\u00ea, como quando voc\u00ea cria uma Pol\u00edtica conosco<br>Voc\u00ea nos deu permiss\u00e3o para fazer isso<br>O processamento \u00e9 de nosso interesse leg\u00edtimo e n\u00e3o \u00e9 anulado por seus direitos<br>Para fins de processamento de pagamentos<br>Para cumprir a lei<br>Se for residente do Espa\u00e7o Econ\u00f4mico Europeu (EEE), voc\u00ea tem determinados direitos de prote\u00e7\u00e3o de dados. Em determinadas circunst\u00e2ncias, voc\u00ea tem os seguintes direitos de prote\u00e7\u00e3o de dados:<\/p>\n\n\n\n<p>O direito de acessar, atualizar ou excluir as informa\u00e7\u00f5es pessoais que temos sobre voc\u00ea<br>O direito de retifica\u00e7\u00e3o<br>O direito de contestar<br>O direito de restri\u00e7\u00e3o<br>O direito \u00e0 portabilidade de dados<br>O direito de retirar o consentimento<br>Observe que podemos solicitar que voc\u00ea verifique sua identidade antes de responder a essas solicita\u00e7\u00f5es.<\/p>\n\n\n\n<p>Voc\u00ea tem o direito de reclamar com uma autoridade de prote\u00e7\u00e3o de dados sobre nossa coleta e uso de suas informa\u00e7\u00f5es pessoais. Para obter mais informa\u00e7\u00f5es, entre em contato com a autoridade local de prote\u00e7\u00e3o de dados no Espa\u00e7o Econ\u00f4mico Europeu (EEE).<\/p>\n\n\n\n<p>Aviso \"N\u00e3o venda minhas informa\u00e7\u00f5es pessoais\" para consumidores da Calif\u00f3rnia de acordo com a Lei de Privacidade do Consumidor da Calif\u00f3rnia (CCPA)<br>De acordo com a CCPA, os consumidores da Calif\u00f3rnia t\u00eam o direito de:<\/p>\n\n\n\n<p>Solicitar que uma empresa que colete dados pessoais de um consumidor divulgue as categorias e partes espec\u00edficas de dados pessoais que a empresa coletou sobre os consumidores.<br>Solicitar que uma empresa exclua quaisquer dados pessoais sobre o consumidor que a empresa tenha coletado.<br>Solicitar que uma empresa que vende dados pessoais de um consumidor n\u00e3o venda os dados pessoais do consumidor.<br>Se voc\u00ea fizer uma solicita\u00e7\u00e3o, teremos um m\u00eas para responder a voc\u00ea. Se quiser exercer qualquer um desses direitos, entre em contato conosco.<\/p>\n\n\n\n<p>Provedores de servi\u00e7os<br>Empregamos empresas e indiv\u00edduos terceirizados para facilitar nosso site (\"Provedores de servi\u00e7os\"), para fornecer nosso site em nosso nome, para executar servi\u00e7os relacionados ao site ou para nos ajudar a analisar como nosso site \u00e9 usado. Esses terceiros t\u00eam acesso \u00e0s suas informa\u00e7\u00f5es pessoais somente para realizar essas tarefas em nosso nome e s\u00e3o obrigados a n\u00e3o divulg\u00e1-las ou us\u00e1-las para qualquer outra finalidade.<\/p>\n\n\n\n<p>An\u00e1lises<br>O Google Analytics \u00e9 um servi\u00e7o de an\u00e1lise da Web oferecido pelo Google que rastreia e relata o tr\u00e1fego do site. O Google usa os dados coletados para rastrear e monitorar o uso do nosso Servi\u00e7o. Esses dados s\u00e3o compartilhados com outros servi\u00e7os do Google. O Google pode usar os dados coletados para contextualizar e personalizar os an\u00fancios de sua pr\u00f3pria rede de publicidade.<\/p>\n\n\n\n<p>Voc\u00ea pode optar por n\u00e3o disponibilizar sua atividade no Servi\u00e7o para o Google Analytics instalando o complemento do navegador para desativa\u00e7\u00e3o do Google Analytics. O complemento impede que o JavaScript do Google Analytics (ga.js, analytics.js e dc.js) compartilhe informa\u00e7\u00f5es com o Google Analytics sobre a atividade de visitas.<\/p>\n\n\n\n<p>Para obter mais informa\u00e7\u00f5es sobre as pr\u00e1ticas de privacidade do Google, visite a p\u00e1gina da Web Privacidade e Termos do Google: http:\/\/www.google.com\/intl\/en\/policies\/privacy\/<\/p>\n\n\n\n<p>Processadores de pagamentos<br>Fornecemos produtos e\/ou servi\u00e7os pagos em nosso site. Nesse caso, usamos servi\u00e7os de terceiros para o processamento de pagamentos (por exemplo, processadores de pagamentos).<\/p>\n\n\n\n<p>N\u00e3o armazenamos nem coletamos os detalhes de seu cart\u00e3o de pagamento. Essas informa\u00e7\u00f5es s\u00e3o fornecidas diretamente aos nossos processadores de pagamento terceirizados, cujo uso de suas informa\u00e7\u00f5es pessoais \u00e9 regido pela Pol\u00edtica de Privacidade deles. Esses processadores de pagamento aderem aos padr\u00f5es definidos pelo PCI-DSS, conforme gerenciado pelo PCI Security Standards Council.<\/p>\n\n\n\n<p>Como entrar em contato conosco<br>Se tiver alguma d\u00favida sobre esta pol\u00edtica de privacidade, entre em contato conosco.<\/p>","protected":false},"excerpt":{"rendered":"<p>Esta pol\u00edtica de privacidade foi compilada para melhor atender \u00e0queles que est\u00e3o preocupados com a forma como suas \"Informa\u00e7\u00f5es de identifica\u00e7\u00e3o pessoal\" (IPI) est\u00e3o sendo usadas on-line. PI s\u00e3o informa\u00e7\u00f5es que podem ser usadas isoladamente ou com outras informa\u00e7\u00f5es para identificar, contatar ou localizar uma \u00fanica pessoa, ou para identificar um indiv\u00edduo no contexto. Leia [...]<\/p>","protected":false},"author":1,"featured_media":0,"parent":0,"menu_order":0,"comment_status":"closed","ping_status":"closed","template":"","meta":{"rank_math_lock_modified_date":false,"site-sidebar-layout":"default","site-content-layout":"default","ast-site-content-layout":"","site-content-style":"default","site-sidebar-style":"default","ast-global-header-display":"","ast-banner-title-visibility":"","ast-main-header-display":"","ast-hfb-above-header-display":"","ast-hfb-below-header-display":"","ast-hfb-mobile-header-display":"","site-post-title":"","ast-breadcrumbs-content":"","ast-featured-img":"","footer-sml-layout":"","theme-transparent-header-meta":"default","adv-header-id-meta":"","stick-header-meta":"","header-above-stick-meta":"","header-main-stick-meta":"","header-below-stick-meta":"","astra-migrate-meta-layouts":"default","ast-page-background-enabled":"default","ast-page-background-meta":{"desktop":{"background-color":"","background-image":"","background-repeat":"repeat","background-position":"center center","background-size":"auto","background-attachment":"scroll","background-type":"","background-media":"","overlay-type":"","overlay-color":"","overlay-opacity":"","overlay-gradient":""},"tablet":{"background-color":"","background-image":"","background-repeat":"repeat","background-position":"center center","background-size":"auto","background-attachment":"scroll","background-type":"","background-media":"","overlay-type":"","overlay-color":"","overlay-opacity":"","overlay-gradient":""},"mobile":{"background-color":"","background-image":"","background-repeat":"repeat","background-position":"center center","background-size":"auto","background-attachment":"scroll","background-type":"","background-media":"","overlay-type":"","overlay-color":"","overlay-opacity":"","overlay-gradient":""}},"ast-content-background-meta":{"desktop":{"background-color":"var(--ast-global-color-5)","background-image":"","background-repeat":"repeat","background-position":"center center","background-size":"auto","background-attachment":"scroll","background-type":"","background-media":"","overlay-type":"","overlay-color":"","overlay-opacity":"","overlay-gradient":""},"tablet":{"background-color":"var(--ast-global-color-5)","background-image":"","background-repeat":"repeat","background-position":"center center","background-size":"auto","background-attachment":"scroll","background-type":"","background-media":"","overlay-type":"","overlay-color":"","overlay-opacity":"","overlay-gradient":""},"mobile":{"background-color":"var(--ast-global-color-5)","background-image":"","background-repeat":"repeat","background-position":"center center","background-size":"auto","background-attachment":"scroll","background-type":"","background-media":"","overlay-type":"","overlay-color":"","overlay-opacity":"","overlay-gradient":""}},"footnotes":""},"class_list":["post-4042","page","type-page","status-publish","hentry"],"_links":{"self":[{"href":"https:\/\/tenabrix.com\/pt\/wp-json\/wp\/v2\/pages\/4042","targetHints":{"allow":["GET"]}}],"collection":[{"href":"https:\/\/tenabrix.com\/pt\/wp-json\/wp\/v2\/pages"}],"about":[{"href":"https:\/\/tenabrix.com\/pt\/wp-json\/wp\/v2\/types\/page"}],"author":[{"embeddable":true,"href":"https:\/\/tenabrix.com\/pt\/wp-json\/wp\/v2\/users\/1"}],"replies":[{"embeddable":true,"href":"https:\/\/tenabrix.com\/pt\/wp-json\/wp\/v2\/comments?post=4042"}],"version-history":[{"count":1,"href":"https:\/\/tenabrix.com\/pt\/wp-json\/wp\/v2\/pages\/4042\/revisions"}],"predecessor-version":[{"id":4044,"href":"https:\/\/tenabrix.com\/pt\/wp-json\/wp\/v2\/pages\/4042\/revisions\/4044"}],"wp:attachment":[{"href":"https:\/\/tenabrix.com\/pt\/wp-json\/wp\/v2\/media?parent=4042"}],"curies":[{"name":"wp","href":"https:\/\/api.w.org\/{rel}","templated":true}]}}